{"id":1135,"date":"2024-11-20T09:25:57","date_gmt":"2024-11-20T09:25:57","guid":{"rendered":"https:\/\/kirostuudio.ee\/chiropractic-care-in-estonia\/"},"modified":"2025-04-03T10:42:03","modified_gmt":"2025-04-03T10:42:03","slug":"chiropractic-care-in-estonia","status":"publish","type":"page","link":"https:\/\/kirostuudio.ee\/en\/chiropractic-care-in-estonia\/","title":{"rendered":"Chiropractic care in Estonia"},"content":{"rendered":"\t\t<div data-elementor-type=\"wp-page\" data-elementor-id=\"1135\" class=\"elementor elementor-1135 elementor-461\" data-elementor-post-type=\"page\">\n\t\t\t\t\t\t<section class=\"elementor-section elementor-top-section elementor-element elementor-element-5d5bad9 elementor-section-full_width elementor-section-height-default elementor-section-height-default\" data-id=\"5d5bad9\" data-element_type=\"section\" data-e-type=\"section\" data-settings=\"{&quot;jet_parallax_layout_list&quot;:[]}\">\n\t\t\t\t\t\t<div class=\"elementor-container elementor-column-gap-default\">\n\t\t\t\t\t<div class=\"elementor-column elementor-col-50 elementor-top-column elementor-element elementor-element-e0815f0 animated-slow elementor-invisible\" data-id=\"e0815f0\" data-element_type=\"column\" data-e-type=\"column\" data-settings=\"{&quot;background_background&quot;:&quot;classic&quot;,&quot;animation&quot;:&quot;fadeIn&quot;,&quot;animation_delay&quot;:500}\">\n\t\t\t<div class=\"elementor-widget-wrap elementor-element-populated\">\n\t\t\t\t\t\t<div class=\"elementor-element elementor-element-7793479 elementor-widget elementor-widget-spacer\" data-id=\"7793479\" data-element_type=\"widget\" data-e-type=\"widget\" data-widget_type=\"spacer.default\">\n\t\t\t\t<div class=\"elementor-widget-container\">\n\t\t\t\t\t\t\t<div class=\"elementor-spacer\">\n\t\t\t<div class=\"elementor-spacer-inner\"><\/div>\n\t\t<\/div>\n\t\t\t\t\t\t<\/div>\n\t\t\t\t<\/div>\n\t\t\t\t\t<\/div>\n\t\t<\/div>\n\t\t\t\t<div class=\"elementor-column elementor-col-50 elementor-top-column elementor-element elementor-element-54892da\" data-id=\"54892da\" data-element_type=\"column\" data-e-type=\"column\">\n\t\t\t<div class=\"elementor-widget-wrap elementor-element-populated\">\n\t\t\t\t\t\t<section class=\"elementor-section elementor-inner-section elementor-element elementor-element-61e5ce9 elementor-section-boxed elementor-section-height-default elementor-section-height-default\" data-id=\"61e5ce9\" data-element_type=\"section\" data-e-type=\"section\" data-settings=\"{&quot;jet_parallax_layout_list&quot;:[]}\">\n\t\t\t\t\t\t<div class=\"elementor-container elementor-column-gap-default\">\n\t\t\t\t\t<div class=\"elementor-column elementor-col-50 elementor-inner-column elementor-element elementor-element-06535c0\" data-id=\"06535c0\" data-element_type=\"column\" data-e-type=\"column\">\n\t\t\t<div class=\"elementor-widget-wrap elementor-element-populated\">\n\t\t\t\t\t\t<div class=\"elementor-element elementor-element-355b3d1 elementor-widget elementor-widget-spacer\" data-id=\"355b3d1\" data-element_type=\"widget\" data-e-type=\"widget\" data-widget_type=\"spacer.default\">\n\t\t\t\t<div class=\"elementor-widget-container\">\n\t\t\t\t\t\t\t<div class=\"elementor-spacer\">\n\t\t\t<div class=\"elementor-spacer-inner\"><\/div>\n\t\t<\/div>\n\t\t\t\t\t\t<\/div>\n\t\t\t\t<\/div>\n\t\t\t\t<div class=\"elementor-element elementor-element-61831ac elementor-invisible elementor-widget elementor-widget-heading\" data-id=\"61831ac\" data-element_type=\"widget\" data-e-type=\"widget\" data-settings=\"{&quot;_animation&quot;:&quot;fadeInUp&quot;}\" data-widget_type=\"heading.default\">\n\t\t\t\t<div class=\"elementor-widget-container\">\n\t\t\t\t\t<h3 class=\"elementor-heading-title elementor-size-default\">Chiropractic care in Estonia<\/h3>\t\t\t\t<\/div>\n\t\t\t\t<\/div>\n\t\t\t\t<div class=\"elementor-element elementor-element-1848bc9 elementor-invisible elementor-widget elementor-widget-text-editor\" data-id=\"1848bc9\" data-element_type=\"widget\" data-e-type=\"widget\" data-settings=\"{&quot;_animation&quot;:&quot;fadeInUp&quot;}\" data-widget_type=\"text-editor.default\">\n\t\t\t\t<div class=\"elementor-widget-container\">\n\t\t\t\t\t\t\t\t\t<p style=\"font-weight: 400;\">Estonian law does not regulate chiropractic treatment, so having obtained the degree of the Doctor of Chiropractic abroad, you cannot be added to the Estonian registry of medical doctors. Chiropractic as a profession is regulated by law in many countries.<br>For years <span style=\"color: #4b657e;\"><a style=\"color: #4b657e;\" href=\"https:\/\/www.eestikiropraktikaliit.org\"><u>Estonian Chriopractic Association<\/u><\/a><\/span> has been working towards legislating chiropractic in Estonia. Riigi seisukohast on liiga v\u00e4he spetsialiste, et alustada seadusandluse menetlust ja muutmist. Hetkel on v\u00f5imalik end Eestis kutsuda kiropraktikuks k\u00f5igil \u2013 olenemata, kas on selleks vastav haridus v\u00f5i mitte.<\/p><p><strong>After nearly 20 years of practice in Estonia I can proudly say that medicial doctors and chiropractors work together more in Estonia to provide patients with the best solution and treatment.<\/strong><\/p>\t\t\t\t\t\t\t\t<\/div>\n\t\t\t\t<\/div>\n\t\t\t\t<div class=\"elementor-element elementor-element-0493424 elementor-widget elementor-widget-spacer\" data-id=\"0493424\" data-element_type=\"widget\" data-e-type=\"widget\" data-widget_type=\"spacer.default\">\n\t\t\t\t<div class=\"elementor-widget-container\">\n\t\t\t\t\t\t\t<div class=\"elementor-spacer\">\n\t\t\t<div class=\"elementor-spacer-inner\"><\/div>\n\t\t<\/div>\n\t\t\t\t\t\t<\/div>\n\t\t\t\t<\/div>\n\t\t\t\t\t<\/div>\n\t\t<\/div>\n\t\t\t\t<div class=\"elementor-column elementor-col-50 elementor-inner-column elementor-element elementor-element-9983e78\" data-id=\"9983e78\" data-element_type=\"column\" data-e-type=\"column\">\n\t\t\t<div class=\"elementor-widget-wrap\">\n\t\t\t\t\t\t\t<\/div>\n\t\t<\/div>\n\t\t\t\t\t<\/div>\n\t\t<\/section>\n\t\t\t\t\t<\/div>\n\t\t<\/div>\n\t\t\t\t\t<\/div>\n\t\t<\/section>\n\t\t\t\t<\/div>\n\t\t","protected":false},"excerpt":{"rendered":"<p>Chiropractic care in Estonia Estonian law does not regulate chiropractic treatment, so having obtained the degree of the Doctor of Chiropractic abroad, you cannot be added to the Estonian registry of medical doctors. Chiropractic as a profession is regulated by law in many countries.For years Estonian Chriopractic Association has been working towards legislating chiropractic in [&hellip;]<\/p>\n","protected":false},"author":1,"featured_media":0,"parent":0,"menu_order":0,"comment_status":"closed","ping_status":"closed","template":"elementor_header_footer","meta":{"_acf_changed":false,"footnotes":""},"class_list":["post-1135","page","type-page","status-publish","hentry"],"acf":[],"yoast_head":"<!-- This site is optimized with the Yoast SEO plugin v27.4 - https:\/\/yoast.com\/product\/yoast-seo-wordpress\/ -->\n<title>Chiropractic care in Estonia - Kiropraktik Gerly Truuv\u00e4\u00e4rt<\/title>\n<meta name=\"description\" content=\"Chiropractor Gerly Truuv\u00e4\u00e4rt offers professional chiropractic care in Tallinn, P\u00e4rnu, and Haapsalu\u2014relieving back, neck, and joint pain while improving overall well-being. Book your appointment today and take a step toward a healthier life.\" \/>\n<meta name=\"robots\" content=\"index, follow, max-snippet:-1, max-image-preview:large, max-video-preview:-1\" \/>\n<link rel=\"canonical\" href=\"https:\/\/kirostuudio.ee\/en\/chiropractic-care-in-estonia\/\" \/>\n<meta property=\"og:locale\" content=\"en_US\" \/>\n<meta property=\"og:type\" content=\"article\" \/>\n<meta property=\"og:title\" content=\"Chiropractic care in Estonia - Kiropraktik Gerly Truuv\u00e4\u00e4rt\" \/>\n<meta property=\"og:description\" content=\"Chiropractor Gerly Truuv\u00e4\u00e4rt offers professional chiropractic care in Tallinn, P\u00e4rnu, and Haapsalu\u2014relieving back, neck, and joint pain while improving overall well-being. Book your appointment today and take a step toward a healthier life.\" \/>\n<meta property=\"og:url\" content=\"https:\/\/kirostuudio.ee\/en\/chiropractic-care-in-estonia\/\" \/>\n<meta property=\"og:site_name\" content=\"Kiropraktik Gerly Truuv\u00e4\u00e4rt\" \/>\n<meta property=\"article:modified_time\" content=\"2025-04-03T10:42:03+00:00\" \/>\n<meta name=\"twitter:card\" content=\"summary_large_image\" \/>\n<meta name=\"twitter:label1\" content=\"Est. reading time\" \/>\n\t<meta name=\"twitter:data1\" content=\"1 minute\" \/>\n<script type=\"application\/ld+json\" class=\"yoast-schema-graph\">{\"@context\":\"https:\\\/\\\/schema.org\",\"@graph\":[{\"@type\":\"WebPage\",\"@id\":\"https:\\\/\\\/kirostuudio.ee\\\/en\\\/chiropractic-care-in-estonia\\\/\",\"url\":\"https:\\\/\\\/kirostuudio.ee\\\/en\\\/chiropractic-care-in-estonia\\\/\",\"name\":\"Chiropractic care in Estonia - Kiropraktik Gerly Truuv\u00e4\u00e4rt\",\"isPartOf\":{\"@id\":\"https:\\\/\\\/kirostuudio.ee\\\/#website\"},\"datePublished\":\"2024-11-20T09:25:57+00:00\",\"dateModified\":\"2025-04-03T10:42:03+00:00\",\"description\":\"Chiropractor Gerly Truuv\u00e4\u00e4rt offers professional chiropractic care in Tallinn, P\u00e4rnu, and Haapsalu\u2014relieving back, neck, and joint pain while improving overall well-being. Book your appointment today and take a step toward a healthier life.\",\"breadcrumb\":{\"@id\":\"https:\\\/\\\/kirostuudio.ee\\\/en\\\/chiropractic-care-in-estonia\\\/#breadcrumb\"},\"inLanguage\":\"en-US\",\"potentialAction\":[{\"@type\":\"ReadAction\",\"target\":[\"https:\\\/\\\/kirostuudio.ee\\\/en\\\/chiropractic-care-in-estonia\\\/\"]}]},{\"@type\":\"BreadcrumbList\",\"@id\":\"https:\\\/\\\/kirostuudio.ee\\\/en\\\/chiropractic-care-in-estonia\\\/#breadcrumb\",\"itemListElement\":[{\"@type\":\"ListItem\",\"position\":1,\"name\":\"Home\",\"item\":\"https:\\\/\\\/kirostuudio.ee\\\/en\\\/home\\\/\"},{\"@type\":\"ListItem\",\"position\":2,\"name\":\"Chiropractic care in Estonia\"}]},{\"@type\":\"WebSite\",\"@id\":\"https:\\\/\\\/kirostuudio.ee\\\/#website\",\"url\":\"https:\\\/\\\/kirostuudio.ee\\\/\",\"name\":\"Kiropraktik Gerly Truuv\u00e4\u00e4rt\",\"description\":\"Kiropraktiline ravi on osa  tervislikust eluviisist \",\"publisher\":{\"@id\":\"https:\\\/\\\/kirostuudio.ee\\\/#organization\"},\"potentialAction\":[{\"@type\":\"SearchAction\",\"target\":{\"@type\":\"EntryPoint\",\"urlTemplate\":\"https:\\\/\\\/kirostuudio.ee\\\/?s={search_term_string}\"},\"query-input\":{\"@type\":\"PropertyValueSpecification\",\"valueRequired\":true,\"valueName\":\"search_term_string\"}}],\"inLanguage\":\"en-US\"},{\"@type\":\"Organization\",\"@id\":\"https:\\\/\\\/kirostuudio.ee\\\/#organization\",\"name\":\"Kiropraktik Gerly Truuv\u00e4\u00e4rt\",\"url\":\"https:\\\/\\\/kirostuudio.ee\\\/\",\"logo\":{\"@type\":\"ImageObject\",\"inLanguage\":\"en-US\",\"@id\":\"https:\\\/\\\/kirostuudio.ee\\\/#\\\/schema\\\/logo\\\/image\\\/\",\"url\":\"https:\\\/\\\/kirostuudio.ee\\\/wp-content\\\/uploads\\\/2025\\\/01\\\/KiroStuudio-rgb.svg\",\"contentUrl\":\"https:\\\/\\\/kirostuudio.ee\\\/wp-content\\\/uploads\\\/2025\\\/01\\\/KiroStuudio-rgb.svg\",\"width\":518.74,\"height\":201.26,\"caption\":\"Kiropraktik Gerly Truuv\u00e4\u00e4rt \"},\"image\":{\"@id\":\"https:\\\/\\\/kirostuudio.ee\\\/#\\\/schema\\\/logo\\\/image\\\/\"}}]}<\/script>\n<!-- \/ Yoast SEO plugin. -->","yoast_head_json":{"title":"Chiropractic care in Estonia - Kiropraktik Gerly Truuv\u00e4\u00e4rt","description":"Chiropractor Gerly Truuv\u00e4\u00e4rt offers professional chiropractic care in Tallinn, P\u00e4rnu, and Haapsalu\u2014relieving back, neck, and joint pain while improving overall well-being. Book your appointment today and take a step toward a healthier life.","robots":{"index":"index","follow":"follow","max-snippet":"max-snippet:-1","max-image-preview":"max-image-preview:large","max-video-preview":"max-video-preview:-1"},"canonical":"https:\/\/kirostuudio.ee\/en\/chiropractic-care-in-estonia\/","og_locale":"en_US","og_type":"article","og_title":"Chiropractic care in Estonia - Kiropraktik Gerly Truuv\u00e4\u00e4rt","og_description":"Chiropractor Gerly Truuv\u00e4\u00e4rt offers professional chiropractic care in Tallinn, P\u00e4rnu, and Haapsalu\u2014relieving back, neck, and joint pain while improving overall well-being. Book your appointment today and take a step toward a healthier life.","og_url":"https:\/\/kirostuudio.ee\/en\/chiropractic-care-in-estonia\/","og_site_name":"Kiropraktik Gerly Truuv\u00e4\u00e4rt","article_modified_time":"2025-04-03T10:42:03+00:00","twitter_card":"summary_large_image","twitter_misc":{"Est. reading time":"1 minute"},"schema":{"@context":"https:\/\/schema.org","@graph":[{"@type":"WebPage","@id":"https:\/\/kirostuudio.ee\/en\/chiropractic-care-in-estonia\/","url":"https:\/\/kirostuudio.ee\/en\/chiropractic-care-in-estonia\/","name":"Chiropractic care in Estonia - Kiropraktik Gerly Truuv\u00e4\u00e4rt","isPartOf":{"@id":"https:\/\/kirostuudio.ee\/#website"},"datePublished":"2024-11-20T09:25:57+00:00","dateModified":"2025-04-03T10:42:03+00:00","description":"Chiropractor Gerly Truuv\u00e4\u00e4rt offers professional chiropractic care in Tallinn, P\u00e4rnu, and Haapsalu\u2014relieving back, neck, and joint pain while improving overall well-being. Book your appointment today and take a step toward a healthier life.","breadcrumb":{"@id":"https:\/\/kirostuudio.ee\/en\/chiropractic-care-in-estonia\/#breadcrumb"},"inLanguage":"en-US","potentialAction":[{"@type":"ReadAction","target":["https:\/\/kirostuudio.ee\/en\/chiropractic-care-in-estonia\/"]}]},{"@type":"BreadcrumbList","@id":"https:\/\/kirostuudio.ee\/en\/chiropractic-care-in-estonia\/#breadcrumb","itemListElement":[{"@type":"ListItem","position":1,"name":"Home","item":"https:\/\/kirostuudio.ee\/en\/home\/"},{"@type":"ListItem","position":2,"name":"Chiropractic care in Estonia"}]},{"@type":"WebSite","@id":"https:\/\/kirostuudio.ee\/#website","url":"https:\/\/kirostuudio.ee\/","name":"Kiropraktik Gerly Truuv\u00e4\u00e4rt","description":"Kiropraktiline ravi on osa  tervislikust eluviisist ","publisher":{"@id":"https:\/\/kirostuudio.ee\/#organization"},"potentialAction":[{"@type":"SearchAction","target":{"@type":"EntryPoint","urlTemplate":"https:\/\/kirostuudio.ee\/?s={search_term_string}"},"query-input":{"@type":"PropertyValueSpecification","valueRequired":true,"valueName":"search_term_string"}}],"inLanguage":"en-US"},{"@type":"Organization","@id":"https:\/\/kirostuudio.ee\/#organization","name":"Kiropraktik Gerly Truuv\u00e4\u00e4rt","url":"https:\/\/kirostuudio.ee\/","logo":{"@type":"ImageObject","inLanguage":"en-US","@id":"https:\/\/kirostuudio.ee\/#\/schema\/logo\/image\/","url":"https:\/\/kirostuudio.ee\/wp-content\/uploads\/2025\/01\/KiroStuudio-rgb.svg","contentUrl":"https:\/\/kirostuudio.ee\/wp-content\/uploads\/2025\/01\/KiroStuudio-rgb.svg","width":518.74,"height":201.26,"caption":"Kiropraktik Gerly Truuv\u00e4\u00e4rt "},"image":{"@id":"https:\/\/kirostuudio.ee\/#\/schema\/logo\/image\/"}}]}},"_links":{"self":[{"href":"https:\/\/kirostuudio.ee\/en\/wp-json\/wp\/v2\/pages\/1135","targetHints":{"allow":["GET"]}}],"collection":[{"href":"https:\/\/kirostuudio.ee\/en\/wp-json\/wp\/v2\/pages"}],"about":[{"href":"https:\/\/kirostuudio.ee\/en\/wp-json\/wp\/v2\/types\/page"}],"author":[{"embeddable":true,"href":"https:\/\/kirostuudio.ee\/en\/wp-json\/wp\/v2\/users\/1"}],"replies":[{"embeddable":true,"href":"https:\/\/kirostuudio.ee\/en\/wp-json\/wp\/v2\/comments?post=1135"}],"version-history":[{"count":2,"href":"https:\/\/kirostuudio.ee\/en\/wp-json\/wp\/v2\/pages\/1135\/revisions"}],"predecessor-version":[{"id":1251,"href":"https:\/\/kirostuudio.ee\/en\/wp-json\/wp\/v2\/pages\/1135\/revisions\/1251"}],"wp:attachment":[{"href":"https:\/\/kirostuudio.ee\/en\/wp-json\/wp\/v2\/media?parent=1135"}],"curies":[{"name":"wp","href":"https:\/\/api.w.org\/{rel}","templated":true}]}}