{"id":1149,"date":"2025-01-10T11:29:05","date_gmt":"2025-01-10T11:29:05","guid":{"rendered":"https:\/\/kirostuudio.ee\/book\/"},"modified":"2025-11-21T14:00:29","modified_gmt":"2025-11-21T14:00:29","slug":"book","status":"publish","type":"page","link":"https:\/\/kirostuudio.ee\/en\/book\/","title":{"rendered":"Book"},"content":{"rendered":"\t\t<div data-elementor-type=\"wp-page\" data-elementor-id=\"1149\" class=\"elementor elementor-1149 elementor-747\" data-elementor-post-type=\"page\">\n\t\t\t\t\t\t<section class=\"elementor-section elementor-top-section elementor-element elementor-element-5d5bad9 elementor-section-full_width elementor-section-height-default elementor-section-height-default\" data-id=\"5d5bad9\" data-element_type=\"section\" data-e-type=\"section\" data-settings=\"{&quot;jet_parallax_layout_list&quot;:[]}\">\n\t\t\t\t\t\t<div class=\"elementor-container elementor-column-gap-default\">\n\t\t\t\t\t<div class=\"elementor-column elementor-col-50 elementor-top-column elementor-element elementor-element-e0815f0 animated-slow elementor-invisible\" data-id=\"e0815f0\" data-element_type=\"column\" data-e-type=\"column\" data-settings=\"{&quot;background_background&quot;:&quot;classic&quot;,&quot;animation&quot;:&quot;fadeIn&quot;,&quot;animation_delay&quot;:500}\">\n\t\t\t<div class=\"elementor-widget-wrap elementor-element-populated\">\n\t\t\t\t\t\t<div class=\"elementor-element elementor-element-7793479 elementor-widget elementor-widget-spacer\" data-id=\"7793479\" data-element_type=\"widget\" data-e-type=\"widget\" data-widget_type=\"spacer.default\">\n\t\t\t\t<div class=\"elementor-widget-container\">\n\t\t\t\t\t\t\t<div class=\"elementor-spacer\">\n\t\t\t<div class=\"elementor-spacer-inner\"><\/div>\n\t\t<\/div>\n\t\t\t\t\t\t<\/div>\n\t\t\t\t<\/div>\n\t\t\t\t\t<\/div>\n\t\t<\/div>\n\t\t\t\t<div class=\"elementor-column elementor-col-50 elementor-top-column elementor-element elementor-element-54892da\" data-id=\"54892da\" data-element_type=\"column\" data-e-type=\"column\">\n\t\t\t<div class=\"elementor-widget-wrap elementor-element-populated\">\n\t\t\t\t\t\t<div class=\"elementor-element elementor-element-355b3d1 elementor-widget elementor-widget-spacer\" data-id=\"355b3d1\" data-element_type=\"widget\" data-e-type=\"widget\" data-widget_type=\"spacer.default\">\n\t\t\t\t<div class=\"elementor-widget-container\">\n\t\t\t\t\t\t\t<div class=\"elementor-spacer\">\n\t\t\t<div class=\"elementor-spacer-inner\"><\/div>\n\t\t<\/div>\n\t\t\t\t\t\t<\/div>\n\t\t\t\t<\/div>\n\t\t\t\t<div class=\"elementor-element elementor-element-61831ac elementor-invisible elementor-widget elementor-widget-heading\" data-id=\"61831ac\" data-element_type=\"widget\" data-e-type=\"widget\" data-settings=\"{&quot;_animation&quot;:&quot;fadeInUp&quot;}\" data-widget_type=\"heading.default\">\n\t\t\t\t<div class=\"elementor-widget-container\">\n\t\t\t\t\t<h3 class=\"elementor-heading-title elementor-size-default\">Book an Appointment<\/h3>\t\t\t\t<\/div>\n\t\t\t\t<\/div>\n\t\t\t\t<div class=\"elementor-element elementor-element-1848bc9 elementor-invisible elementor-widget elementor-widget-text-editor\" data-id=\"1848bc9\" data-element_type=\"widget\" data-e-type=\"widget\" data-settings=\"{&quot;_animation&quot;:&quot;fadeInUp&quot;}\" data-widget_type=\"text-editor.default\">\n\t\t\t\t<div class=\"elementor-widget-container\">\n\t\t\t\t\t\t\t\t\t<p><b>Select your preferred location:<\/b><\/p>\t\t\t\t\t\t\t\t<\/div>\n\t\t\t\t<\/div>\n\t\t\t\t<div class=\"elementor-element elementor-element-e3ce046 elementor-invisible elementor-widget elementor-widget-text-editor\" data-id=\"e3ce046\" data-element_type=\"widget\" data-e-type=\"widget\" data-settings=\"{&quot;_animation&quot;:&quot;fadeInUp&quot;}\" data-widget_type=\"text-editor.default\">\n\t\t\t\t<div class=\"elementor-widget-container\">\n\t\t\t\t\t\t\t\t\t<p><b>Tallinn<\/b><\/p><p>I welcome patients at my private practice in Tallinn.<\/p><p><a href=\"mailto:info@kirostuudio.ee\">info@kirostuudio.ee<\/a><\/p><p>Phone. +372 5694 8118<\/p>\t\t\t\t\t\t\t\t<\/div>\n\t\t\t\t<\/div>\n\t\t\t\t<div class=\"elementor-element elementor-element-30ba0e4 elementor-widget elementor-widget-raven-button\" data-id=\"30ba0e4\" data-element_type=\"widget\" data-e-type=\"widget\" data-settings=\"{&quot;turn_to_popup_action_button&quot;:&quot;no&quot;}\" data-widget_type=\"raven-button.default\">\n\t\t\t\t<div class=\"elementor-widget-container\">\n\t\t\t\t\t\t\t<div class=\"raven-widget-wrapper\">\n\t\t\t<a class=\"raven-button raven-button-widget-normal-effect-none  raven-button-text-align-center raven-button-link elementor-animation-none\" href=\"https:\/\/kirostuudio.janeapp.com\/locations\/kirostuudio\/book#staff_member\/1\" target=\"_blank\">\t\t\t\t<div class=\"raven-button-overlay\" ><\/div>\n\t\t\t\t<span class=\"raven-button-content\">\n\t\t\t\t\t\n\t\t\t\t\t<div class=\"button-text-container\">\n\t\t\t\t\t\t\t\t\t\t\t\t<div class=\"raven-button-texts-wrapper\">\n\t\t\t\t\t\t\t<div class=\"button-text\">\n\t\t\t\t\t\t\t\t<span class=\"raven-button-text\">\n\t\t\t\t\t\t\t\t\tOnline booking\t\t\t\t\t\t\t\t<\/span>\n\t\t\t\t\t\t\t<\/div>\n\t\t\t\t\t\t\t\t\t\t\t\t\t<\/div>\n\t\t\t\t\t\t\t\t\t\t\t<\/div>\n\t\t\t\t\t\n\t\t\t\t\t\t\t\t\t<\/span>\n\t\t\t<\/a>\t\t<\/div>\n\t\t\t\t\t\t<\/div>\n\t\t\t\t<\/div>\n\t\t\t\t<div class=\"elementor-element elementor-element-782c36f elementor-invisible elementor-widget elementor-widget-text-editor\" data-id=\"782c36f\" data-element_type=\"widget\" data-e-type=\"widget\" data-settings=\"{&quot;_animation&quot;:&quot;fadeInUp&quot;}\" data-widget_type=\"text-editor.default\">\n\t\t\t\t<div class=\"elementor-widget-container\">\n\t\t\t\t\t\t\t\t\t<p>Regular consultations are also held at the Confido Medical Centre in Tallinn.<\/p>\t\t\t\t\t\t\t\t<\/div>\n\t\t\t\t<\/div>\n\t\t\t\t<div class=\"elementor-element elementor-element-3993e13 elementor-widget elementor-widget-raven-button\" data-id=\"3993e13\" data-element_type=\"widget\" data-e-type=\"widget\" data-settings=\"{&quot;turn_to_popup_action_button&quot;:&quot;no&quot;}\" data-widget_type=\"raven-button.default\">\n\t\t\t\t<div class=\"elementor-widget-container\">\n\t\t\t\t\t\t\t<div class=\"raven-widget-wrapper\">\n\t\t\t<a class=\"raven-button raven-button-widget-normal-effect-none  raven-button-text-align-center raven-button-link elementor-animation-none\" href=\"https:\/\/minu.confido.ee\/services?_gl=1*1ulhvom*_gcl_au*MTYxOTc1MDUyMS4xNzM5MjcyNTY5*_ga*MjA2Mzc3NzEzNC4xNzM5MjcyNTY4*_ga_V9RYQV4VWZ*MTczOTI3MjU2Ny4xLjEuMTczOTI3MjYxMi4xNy4wLjA.&#038;lang=et&#038;employeeId=e434978a-c35c-4b9d-ba52-c372c719c861\" target=\"_blank\">\t\t\t\t<div class=\"raven-button-overlay\" ><\/div>\n\t\t\t\t<span class=\"raven-button-content\">\n\t\t\t\t\t\n\t\t\t\t\t<div class=\"button-text-container\">\n\t\t\t\t\t\t\t\t\t\t\t\t<div class=\"raven-button-texts-wrapper\">\n\t\t\t\t\t\t\t<div class=\"button-text\">\n\t\t\t\t\t\t\t\t<span class=\"raven-button-text\">\n\t\t\t\t\t\t\t\t\tConfido\t\t\t\t\t\t\t\t<\/span>\n\t\t\t\t\t\t\t<\/div>\n\t\t\t\t\t\t\t\t\t\t\t\t\t<\/div>\n\t\t\t\t\t\t\t\t\t\t\t<\/div>\n\t\t\t\t\t\n\t\t\t\t\t\t\t\t\t<\/span>\n\t\t\t<\/a>\t\t<\/div>\n\t\t\t\t\t\t<\/div>\n\t\t\t\t<\/div>\n\t\t\t\t<div class=\"elementor-element elementor-element-3e6fd92 elementor-widget-divider--view-line elementor-widget elementor-widget-divider\" data-id=\"3e6fd92\" data-element_type=\"widget\" data-e-type=\"widget\" data-widget_type=\"divider.default\">\n\t\t\t\t<div class=\"elementor-widget-container\">\n\t\t\t\t\t\t\t<div class=\"elementor-divider\">\n\t\t\t<span class=\"elementor-divider-separator\">\n\t\t\t\t\t\t<\/span>\n\t\t<\/div>\n\t\t\t\t\t\t<\/div>\n\t\t\t\t<\/div>\n\t\t\t\t<div class=\"elementor-element elementor-element-64fac63 elementor-invisible elementor-widget elementor-widget-text-editor\" data-id=\"64fac63\" data-element_type=\"widget\" data-e-type=\"widget\" data-settings=\"{&quot;_animation&quot;:&quot;fadeInUp&quot;}\" data-widget_type=\"text-editor.default\">\n\t\t\t\t<div class=\"elementor-widget-container\">\n\t\t\t\t\t\t\t\t\t<p><b>Haapsalu<\/b><\/p><p>You can book an appointment by emailing or calling:<\/p><p><a href=\"mailto:info@kirostuudio.ee\">info@kirostuudio.ee<\/a><\/p><p>Phone. +372 5694 8118<\/p>\t\t\t\t\t\t\t\t<\/div>\n\t\t\t\t<\/div>\n\t\t\t\t<div class=\"elementor-element elementor-element-08bf54a elementor-widget elementor-widget-raven-button\" data-id=\"08bf54a\" data-element_type=\"widget\" data-e-type=\"widget\" data-settings=\"{&quot;turn_to_popup_action_button&quot;:&quot;no&quot;}\" data-widget_type=\"raven-button.default\">\n\t\t\t\t<div class=\"elementor-widget-container\">\n\t\t\t\t\t\t\t<div class=\"raven-widget-wrapper\">\n\t\t\t<a class=\"raven-button raven-button-widget-normal-effect-none  raven-button-text-align-center raven-button-link elementor-animation-none\" href=\"https:\/\/kirostuudio.janeapp.com\/locations\/haapsalu\/book#staff_member\/1\" target=\"_blank\">\t\t\t\t<div class=\"raven-button-overlay\" ><\/div>\n\t\t\t\t<span class=\"raven-button-content\">\n\t\t\t\t\t\n\t\t\t\t\t<div class=\"button-text-container\">\n\t\t\t\t\t\t\t\t\t\t\t\t<div class=\"raven-button-texts-wrapper\">\n\t\t\t\t\t\t\t<div class=\"button-text\">\n\t\t\t\t\t\t\t\t<span class=\"raven-button-text\">\n\t\t\t\t\t\t\t\t\tOnline booking\t\t\t\t\t\t\t\t<\/span>\n\t\t\t\t\t\t\t<\/div>\n\t\t\t\t\t\t\t\t\t\t\t\t\t<\/div>\n\t\t\t\t\t\t\t\t\t\t\t<\/div>\n\t\t\t\t\t\n\t\t\t\t\t\t\t\t\t<\/span>\n\t\t\t<\/a>\t\t<\/div>\n\t\t\t\t\t\t<\/div>\n\t\t\t\t<\/div>\n\t\t\t\t<div class=\"elementor-element elementor-element-6e3b51a elementor-widget-divider--view-line elementor-widget elementor-widget-divider\" data-id=\"6e3b51a\" data-element_type=\"widget\" data-e-type=\"widget\" data-widget_type=\"divider.default\">\n\t\t\t\t<div class=\"elementor-widget-container\">\n\t\t\t\t\t\t\t<div class=\"elementor-divider\">\n\t\t\t<span class=\"elementor-divider-separator\">\n\t\t\t\t\t\t<\/span>\n\t\t<\/div>\n\t\t\t\t\t\t<\/div>\n\t\t\t\t<\/div>\n\t\t\t\t<div class=\"elementor-element elementor-element-555e6b9 elementor-invisible elementor-widget elementor-widget-text-editor\" data-id=\"555e6b9\" data-element_type=\"widget\" data-e-type=\"widget\" data-settings=\"{&quot;_animation&quot;:&quot;fadeInUp&quot;}\" data-widget_type=\"text-editor.default\">\n\t\t\t\t<div class=\"elementor-widget-container\">\n\t\t\t\t\t\t\t\t\t<p><b>P\u00e4rnu<\/b><\/p><p>Hetkel vastuv\u00f5ttu ei toimu!<\/p>\t\t\t\t\t\t\t\t<\/div>\n\t\t\t\t<\/div>\n\t\t\t\t<div class=\"elementor-element elementor-element-ba720de elementor-widget-divider--view-line elementor-widget elementor-widget-divider\" data-id=\"ba720de\" data-element_type=\"widget\" data-e-type=\"widget\" data-widget_type=\"divider.default\">\n\t\t\t\t<div class=\"elementor-widget-container\">\n\t\t\t\t\t\t\t<div class=\"elementor-divider\">\n\t\t\t<span class=\"elementor-divider-separator\">\n\t\t\t\t\t\t<\/span>\n\t\t<\/div>\n\t\t\t\t\t\t<\/div>\n\t\t\t\t<\/div>\n\t\t\t\t<div class=\"elementor-element elementor-element-71b8599 elementor-invisible elementor-widget elementor-widget-text-editor\" data-id=\"71b8599\" data-element_type=\"widget\" data-e-type=\"widget\" data-settings=\"{&quot;_animation&quot;:&quot;fadeInUp&quot;}\" data-widget_type=\"text-editor.default\">\n\t\t\t\t<div class=\"elementor-widget-container\">\n\t\t\t\t\t\t\t\t\t<p><strong>About the first visit::<\/strong> <br>During the first visit, we will discuss your health history and its possible impact on your current problems. We will perform the necessary orthopedic tests. If there are no contraindications, we will begin with the first chiropractic treatment session and agree on your individual treatment plan and schedule.  <\/p><ul><li>The treatment plan is discussed.<\/li><li>Wear comfortable\/casual clothes.<\/li><\/ul>\t\t\t\t\t\t\t\t<\/div>\n\t\t\t\t<\/div>\n\t\t\t\t<div class=\"elementor-element elementor-element-0493424 elementor-widget elementor-widget-spacer\" data-id=\"0493424\" data-element_type=\"widget\" data-e-type=\"widget\" data-widget_type=\"spacer.default\">\n\t\t\t\t<div class=\"elementor-widget-container\">\n\t\t\t\t\t\t\t<div class=\"elementor-spacer\">\n\t\t\t<div class=\"elementor-spacer-inner\"><\/div>\n\t\t<\/div>\n\t\t\t\t\t\t<\/div>\n\t\t\t\t<\/div>\n\t\t\t\t\t<\/div>\n\t\t<\/div>\n\t\t\t\t\t<\/div>\n\t\t<\/section>\n\t\t\t\t<\/div>\n\t\t","protected":false},"excerpt":{"rendered":"<p>Book an Appointment Select your preferred location: Tallinn I welcome patients at my private practice in Tallinn. info@kirostuudio.ee Phone. +372 5694 8118 Online booking Regular consultations are also held at the Confido Medical Centre in Tallinn. Confido Haapsalu You can book an appointment by emailing or calling: info@kirostuudio.ee Phone. +372 5694 8118 Online booking P\u00e4rnu [&hellip;]<\/p>\n","protected":false},"author":1,"featured_media":0,"parent":0,"menu_order":0,"comment_status":"closed","ping_status":"closed","template":"elementor_header_footer","meta":{"_acf_changed":false,"footnotes":""},"class_list":["post-1149","page","type-page","status-publish","hentry"],"acf":[],"yoast_head":"<!-- This site is optimized with the Yoast SEO plugin v27.4 - https:\/\/yoast.com\/product\/yoast-seo-wordpress\/ -->\n<title>Book - Kiropraktik Gerly Truuv\u00e4\u00e4rt<\/title>\n<meta name=\"description\" content=\"Book an appointment with chiropractor Gerly Truuv\u00e4\u00e4rt in Tallinn, P\u00e4rnu, or Haapsalu. Call or email us today to start your journey toward better health.\" \/>\n<meta name=\"robots\" content=\"index, follow, max-snippet:-1, max-image-preview:large, max-video-preview:-1\" \/>\n<link rel=\"canonical\" href=\"https:\/\/kirostuudio.ee\/en\/book\/\" \/>\n<meta property=\"og:locale\" content=\"en_US\" \/>\n<meta property=\"og:type\" content=\"article\" \/>\n<meta property=\"og:title\" content=\"Book - Kiropraktik Gerly Truuv\u00e4\u00e4rt\" \/>\n<meta property=\"og:description\" content=\"Book an appointment with chiropractor Gerly Truuv\u00e4\u00e4rt in Tallinn, P\u00e4rnu, or Haapsalu. Call or email us today to start your journey toward better health.\" \/>\n<meta property=\"og:url\" content=\"https:\/\/kirostuudio.ee\/en\/book\/\" \/>\n<meta property=\"og:site_name\" content=\"Kiropraktik Gerly Truuv\u00e4\u00e4rt\" \/>\n<meta property=\"article:modified_time\" content=\"2025-11-21T14:00:29+00:00\" \/>\n<meta name=\"twitter:card\" content=\"summary_large_image\" \/>\n<meta name=\"twitter:label1\" content=\"Est. reading time\" \/>\n\t<meta name=\"twitter:data1\" content=\"1 minute\" \/>\n<script type=\"application\/ld+json\" class=\"yoast-schema-graph\">{\"@context\":\"https:\\\/\\\/schema.org\",\"@graph\":[{\"@type\":\"WebPage\",\"@id\":\"https:\\\/\\\/kirostuudio.ee\\\/en\\\/book\\\/\",\"url\":\"https:\\\/\\\/kirostuudio.ee\\\/en\\\/book\\\/\",\"name\":\"Book - Kiropraktik Gerly Truuv\u00e4\u00e4rt\",\"isPartOf\":{\"@id\":\"https:\\\/\\\/kirostuudio.ee\\\/#website\"},\"datePublished\":\"2025-01-10T11:29:05+00:00\",\"dateModified\":\"2025-11-21T14:00:29+00:00\",\"description\":\"Book an appointment with chiropractor Gerly Truuv\u00e4\u00e4rt in Tallinn, P\u00e4rnu, or Haapsalu. Call or email us today to start your journey toward better health.\",\"breadcrumb\":{\"@id\":\"https:\\\/\\\/kirostuudio.ee\\\/en\\\/book\\\/#breadcrumb\"},\"inLanguage\":\"en-US\",\"potentialAction\":[{\"@type\":\"ReadAction\",\"target\":[\"https:\\\/\\\/kirostuudio.ee\\\/en\\\/book\\\/\"]}]},{\"@type\":\"BreadcrumbList\",\"@id\":\"https:\\\/\\\/kirostuudio.ee\\\/en\\\/book\\\/#breadcrumb\",\"itemListElement\":[{\"@type\":\"ListItem\",\"position\":1,\"name\":\"Home\",\"item\":\"https:\\\/\\\/kirostuudio.ee\\\/en\\\/home\\\/\"},{\"@type\":\"ListItem\",\"position\":2,\"name\":\"Book\"}]},{\"@type\":\"WebSite\",\"@id\":\"https:\\\/\\\/kirostuudio.ee\\\/#website\",\"url\":\"https:\\\/\\\/kirostuudio.ee\\\/\",\"name\":\"Kiropraktik Gerly Truuv\u00e4\u00e4rt\",\"description\":\"Kiropraktiline ravi on osa  tervislikust eluviisist \",\"publisher\":{\"@id\":\"https:\\\/\\\/kirostuudio.ee\\\/#organization\"},\"potentialAction\":[{\"@type\":\"SearchAction\",\"target\":{\"@type\":\"EntryPoint\",\"urlTemplate\":\"https:\\\/\\\/kirostuudio.ee\\\/?s={search_term_string}\"},\"query-input\":{\"@type\":\"PropertyValueSpecification\",\"valueRequired\":true,\"valueName\":\"search_term_string\"}}],\"inLanguage\":\"en-US\"},{\"@type\":\"Organization\",\"@id\":\"https:\\\/\\\/kirostuudio.ee\\\/#organization\",\"name\":\"Kiropraktik Gerly Truuv\u00e4\u00e4rt\",\"url\":\"https:\\\/\\\/kirostuudio.ee\\\/\",\"logo\":{\"@type\":\"ImageObject\",\"inLanguage\":\"en-US\",\"@id\":\"https:\\\/\\\/kirostuudio.ee\\\/#\\\/schema\\\/logo\\\/image\\\/\",\"url\":\"https:\\\/\\\/kirostuudio.ee\\\/wp-content\\\/uploads\\\/2025\\\/01\\\/KiroStuudio-rgb.svg\",\"contentUrl\":\"https:\\\/\\\/kirostuudio.ee\\\/wp-content\\\/uploads\\\/2025\\\/01\\\/KiroStuudio-rgb.svg\",\"width\":518.74,\"height\":201.26,\"caption\":\"Kiropraktik Gerly Truuv\u00e4\u00e4rt \"},\"image\":{\"@id\":\"https:\\\/\\\/kirostuudio.ee\\\/#\\\/schema\\\/logo\\\/image\\\/\"}}]}<\/script>\n<!-- \/ Yoast SEO plugin. -->","yoast_head_json":{"title":"Book - Kiropraktik Gerly Truuv\u00e4\u00e4rt","description":"Book an appointment with chiropractor Gerly Truuv\u00e4\u00e4rt in Tallinn, P\u00e4rnu, or Haapsalu. Call or email us today to start your journey toward better health.","robots":{"index":"index","follow":"follow","max-snippet":"max-snippet:-1","max-image-preview":"max-image-preview:large","max-video-preview":"max-video-preview:-1"},"canonical":"https:\/\/kirostuudio.ee\/en\/book\/","og_locale":"en_US","og_type":"article","og_title":"Book - Kiropraktik Gerly Truuv\u00e4\u00e4rt","og_description":"Book an appointment with chiropractor Gerly Truuv\u00e4\u00e4rt in Tallinn, P\u00e4rnu, or Haapsalu. Call or email us today to start your journey toward better health.","og_url":"https:\/\/kirostuudio.ee\/en\/book\/","og_site_name":"Kiropraktik Gerly Truuv\u00e4\u00e4rt","article_modified_time":"2025-11-21T14:00:29+00:00","twitter_card":"summary_large_image","twitter_misc":{"Est. reading time":"1 minute"},"schema":{"@context":"https:\/\/schema.org","@graph":[{"@type":"WebPage","@id":"https:\/\/kirostuudio.ee\/en\/book\/","url":"https:\/\/kirostuudio.ee\/en\/book\/","name":"Book - Kiropraktik Gerly Truuv\u00e4\u00e4rt","isPartOf":{"@id":"https:\/\/kirostuudio.ee\/#website"},"datePublished":"2025-01-10T11:29:05+00:00","dateModified":"2025-11-21T14:00:29+00:00","description":"Book an appointment with chiropractor Gerly Truuv\u00e4\u00e4rt in Tallinn, P\u00e4rnu, or Haapsalu. Call or email us today to start your journey toward better health.","breadcrumb":{"@id":"https:\/\/kirostuudio.ee\/en\/book\/#breadcrumb"},"inLanguage":"en-US","potentialAction":[{"@type":"ReadAction","target":["https:\/\/kirostuudio.ee\/en\/book\/"]}]},{"@type":"BreadcrumbList","@id":"https:\/\/kirostuudio.ee\/en\/book\/#breadcrumb","itemListElement":[{"@type":"ListItem","position":1,"name":"Home","item":"https:\/\/kirostuudio.ee\/en\/home\/"},{"@type":"ListItem","position":2,"name":"Book"}]},{"@type":"WebSite","@id":"https:\/\/kirostuudio.ee\/#website","url":"https:\/\/kirostuudio.ee\/","name":"Kiropraktik Gerly Truuv\u00e4\u00e4rt","description":"Kiropraktiline ravi on osa  tervislikust eluviisist ","publisher":{"@id":"https:\/\/kirostuudio.ee\/#organization"},"potentialAction":[{"@type":"SearchAction","target":{"@type":"EntryPoint","urlTemplate":"https:\/\/kirostuudio.ee\/?s={search_term_string}"},"query-input":{"@type":"PropertyValueSpecification","valueRequired":true,"valueName":"search_term_string"}}],"inLanguage":"en-US"},{"@type":"Organization","@id":"https:\/\/kirostuudio.ee\/#organization","name":"Kiropraktik Gerly Truuv\u00e4\u00e4rt","url":"https:\/\/kirostuudio.ee\/","logo":{"@type":"ImageObject","inLanguage":"en-US","@id":"https:\/\/kirostuudio.ee\/#\/schema\/logo\/image\/","url":"https:\/\/kirostuudio.ee\/wp-content\/uploads\/2025\/01\/KiroStuudio-rgb.svg","contentUrl":"https:\/\/kirostuudio.ee\/wp-content\/uploads\/2025\/01\/KiroStuudio-rgb.svg","width":518.74,"height":201.26,"caption":"Kiropraktik Gerly Truuv\u00e4\u00e4rt "},"image":{"@id":"https:\/\/kirostuudio.ee\/#\/schema\/logo\/image\/"}}]}},"_links":{"self":[{"href":"https:\/\/kirostuudio.ee\/en\/wp-json\/wp\/v2\/pages\/1149","targetHints":{"allow":["GET"]}}],"collection":[{"href":"https:\/\/kirostuudio.ee\/en\/wp-json\/wp\/v2\/pages"}],"about":[{"href":"https:\/\/kirostuudio.ee\/en\/wp-json\/wp\/v2\/types\/page"}],"author":[{"embeddable":true,"href":"https:\/\/kirostuudio.ee\/en\/wp-json\/wp\/v2\/users\/1"}],"replies":[{"embeddable":true,"href":"https:\/\/kirostuudio.ee\/en\/wp-json\/wp\/v2\/comments?post=1149"}],"version-history":[{"count":7,"href":"https:\/\/kirostuudio.ee\/en\/wp-json\/wp\/v2\/pages\/1149\/revisions"}],"predecessor-version":[{"id":1307,"href":"https:\/\/kirostuudio.ee\/en\/wp-json\/wp\/v2\/pages\/1149\/revisions\/1307"}],"wp:attachment":[{"href":"https:\/\/kirostuudio.ee\/en\/wp-json\/wp\/v2\/media?parent=1149"}],"curies":[{"name":"wp","href":"https:\/\/api.w.org\/{rel}","templated":true}]}}